{"id":598,"date":"2020-07-08T13:31:11","date_gmt":"2020-07-08T11:31:11","guid":{"rendered":"https:\/\/djordjevic.rs\/jovana-d-djordjevic-sijeric\/"},"modified":"2020-07-14T14:20:22","modified_gmt":"2020-07-14T12:20:22","slug":"jovana-d-djordjevic-sijeric","status":"publish","type":"page","link":"https:\/\/djordjevic.rs\/en\/jovana-d-djordjevic-sijeric\/","title":{"rendered":"Jovana D. \u0110or\u0111evi\u0107 Sijeri\u0107"},"content":{"rendered":"","protected":false},"excerpt":{"rendered":"","protected":false},"author":1,"featured_media":0,"parent":0,"menu_order":0,"comment_status":"closed","ping_status":"closed","template":"templates\/team-member.php","meta":{"_acf_changed":false,"footnotes":""},"class_list":["post-598","page","type-page","status-publish","hentry"],"acf":[],"_links":{"self":[{"href":"https:\/\/djordjevic.rs\/en\/wp-json\/wp\/v2\/pages\/598","targetHints":{"allow":["GET"]}}],"collection":[{"href":"https:\/\/djordjevic.rs\/en\/wp-json\/wp\/v2\/pages"}],"about":[{"href":"https:\/\/djordjevic.rs\/en\/wp-json\/wp\/v2\/types\/page"}],"author":[{"embeddable":true,"href":"https:\/\/djordjevic.rs\/en\/wp-json\/wp\/v2\/users\/1"}],"replies":[{"embeddable":true,"href":"https:\/\/djordjevic.rs\/en\/wp-json\/wp\/v2\/comments?post=598"}],"version-history":[{"count":3,"href":"https:\/\/djordjevic.rs\/en\/wp-json\/wp\/v2\/pages\/598\/revisions"}],"predecessor-version":[{"id":672,"href":"https:\/\/djordjevic.rs\/en\/wp-json\/wp\/v2\/pages\/598\/revisions\/672"}],"wp:attachment":[{"href":"https:\/\/djordjevic.rs\/en\/wp-json\/wp\/v2\/media?parent=598"}],"curies":[{"name":"wp","href":"https:\/\/api.w.org\/{rel}","templated":true}]}}